{"id":3917,"date":"2021-12-31T15:17:24","date_gmt":"2021-12-31T14:17:24","guid":{"rendered":"https:\/\/zanolli.staging2.welcomedigital.it\/assistenza-tecnica\/"},"modified":"2022-02-01T09:23:16","modified_gmt":"2022-02-01T08:23:16","slug":"assistance-technique","status":"publish","type":"page","link":"https:\/\/www.zanolli.it\/fr\/assistance-technique\/","title":{"rendered":"Avez-vous besoin d&rsquo;assistance technique?"},"content":{"rendered":"\n<p>Pour une intervention rapide, nous recommandons la description scrupuleuse du mod\u00e8le et du probl\u00e8me et l&rsquo;inclusion du num\u00e9ro de s\u00e9rie indiqu\u00e9 sur le produit lui-m\u00eame.<\/p>\n\n\n\n<p>Nous vous rappelons que pour les interventions techniques dans la zone et les commandes de pi\u00e8ces d\u00e9tach\u00e9es, vous pouvez vous adresser directement \u00e0 votre revendeur de confiance.<\/p>\n","protected":false},"excerpt":{"rendered":"<p>Pour une intervention rapide, nous recommandons la description scrupuleuse du mod\u00e8le et du probl\u00e8me et l&rsquo;inclusion du num\u00e9ro de s\u00e9rie indiqu\u00e9 sur le produit lui-m\u00eame. Nous vous rappelons que pour les interventions techniques dans la zone et les commandes de pi\u00e8ces d\u00e9tach\u00e9es, vous pouvez vous adresser directement \u00e0 votre revendeur de confiance.<\/p>\n","protected":false},"author":1,"featured_media":0,"parent":0,"menu_order":0,"comment_status":"closed","ping_status":"closed","template":"template-assistenza.php","meta":{"_acf_changed":false,"footnotes":""},"class_list":["post-3917","page","type-page","status-publish","hentry"],"acf":[],"yoast_head":"<!-- This site is optimized with the Yoast SEO plugin v26.3 - https:\/\/yoast.com\/wordpress\/plugins\/seo\/ -->\n<title>Avez-vous besoin d&#039;assistance technique? - Zanolli<\/title>\n<meta name=\"robots\" content=\"index, follow, max-snippet:-1, max-image-preview:large, max-video-preview:-1\" \/>\n<link rel=\"canonical\" href=\"https:\/\/www.zanolli.it\/fr\/assistance-technique\/\" \/>\n<meta property=\"og:locale\" content=\"fr_FR\" \/>\n<meta property=\"og:type\" content=\"article\" \/>\n<meta property=\"og:title\" content=\"Avez-vous besoin d&#039;assistance technique? - Zanolli\" \/>\n<meta property=\"og:description\" content=\"Pour une intervention rapide, nous recommandons la description scrupuleuse du mod\u00e8le et du probl\u00e8me et l&rsquo;inclusion du num\u00e9ro de s\u00e9rie indiqu\u00e9 sur le produit lui-m\u00eame. Nous vous rappelons que pour les interventions techniques dans la zone et les commandes de pi\u00e8ces d\u00e9tach\u00e9es, vous pouvez vous adresser directement \u00e0 votre revendeur de confiance.\" \/>\n<meta property=\"og:url\" content=\"https:\/\/www.zanolli.it\/fr\/assistance-technique\/\" \/>\n<meta property=\"og:site_name\" content=\"Zanolli\" \/>\n<meta property=\"article:modified_time\" content=\"2022-02-01T08:23:16+00:00\" \/>\n<meta name=\"twitter:card\" content=\"summary_large_image\" \/>\n<meta name=\"twitter:label1\" content=\"Dur\u00e9e de lecture estim\u00e9e\" \/>\n\t<meta name=\"twitter:data1\" content=\"1 minute\" \/>\n<script type=\"application\/ld+json\" class=\"yoast-schema-graph\">{\"@context\":\"https:\/\/schema.org\",\"@graph\":[{\"@type\":\"WebPage\",\"@id\":\"https:\/\/www.zanolli.it\/fr\/assistance-technique\/\",\"url\":\"https:\/\/www.zanolli.it\/fr\/assistance-technique\/\",\"name\":\"Avez-vous besoin d'assistance technique? - Zanolli\",\"isPartOf\":{\"@id\":\"https:\/\/www.zanolli.it\/#website\"},\"datePublished\":\"2021-12-31T14:17:24+00:00\",\"dateModified\":\"2022-02-01T08:23:16+00:00\",\"breadcrumb\":{\"@id\":\"https:\/\/www.zanolli.it\/fr\/assistance-technique\/#breadcrumb\"},\"inLanguage\":\"fr-FR\",\"potentialAction\":[{\"@type\":\"ReadAction\",\"target\":[\"https:\/\/www.zanolli.it\/fr\/assistance-technique\/\"]}]},{\"@type\":\"BreadcrumbList\",\"@id\":\"https:\/\/www.zanolli.it\/fr\/assistance-technique\/#breadcrumb\",\"itemListElement\":[{\"@type\":\"ListItem\",\"position\":1,\"name\":\"Home\",\"item\":\"https:\/\/prodzanolli.it\/fr\/\"},{\"@type\":\"ListItem\",\"position\":2,\"name\":\"Avez-vous besoin d&rsquo;assistance technique?\"}]},{\"@type\":\"WebSite\",\"@id\":\"https:\/\/www.zanolli.it\/#website\",\"url\":\"https:\/\/www.zanolli.it\/\",\"name\":\"Zanolli\",\"description\":\"\",\"publisher\":{\"@id\":\"https:\/\/www.zanolli.it\/#organization\"},\"potentialAction\":[{\"@type\":\"SearchAction\",\"target\":{\"@type\":\"EntryPoint\",\"urlTemplate\":\"https:\/\/www.zanolli.it\/?s={search_term_string}\"},\"query-input\":{\"@type\":\"PropertyValueSpecification\",\"valueRequired\":true,\"valueName\":\"search_term_string\"}}],\"inLanguage\":\"fr-FR\"},{\"@type\":\"Organization\",\"@id\":\"https:\/\/www.zanolli.it\/#organization\",\"name\":\"Zanolli\",\"url\":\"https:\/\/www.zanolli.it\/\",\"logo\":{\"@type\":\"ImageObject\",\"inLanguage\":\"fr-FR\",\"@id\":\"https:\/\/www.zanolli.it\/#\/schema\/logo\/image\/\",\"url\":\"https:\/\/www.zanolli.it\/wp-content\/uploads\/2022\/03\/Logo-web.png\",\"contentUrl\":\"https:\/\/www.zanolli.it\/wp-content\/uploads\/2022\/03\/Logo-web.png\",\"width\":130,\"height\":39,\"caption\":\"Zanolli\"},\"image\":{\"@id\":\"https:\/\/www.zanolli.it\/#\/schema\/logo\/image\/\"}}]}<\/script>\n<!-- \/ Yoast SEO plugin. -->","yoast_head_json":{"title":"Avez-vous besoin d'assistance technique? - Zanolli","robots":{"index":"index","follow":"follow","max-snippet":"max-snippet:-1","max-image-preview":"max-image-preview:large","max-video-preview":"max-video-preview:-1"},"canonical":"https:\/\/www.zanolli.it\/fr\/assistance-technique\/","og_locale":"fr_FR","og_type":"article","og_title":"Avez-vous besoin d'assistance technique? - Zanolli","og_description":"Pour une intervention rapide, nous recommandons la description scrupuleuse du mod\u00e8le et du probl\u00e8me et l&rsquo;inclusion du num\u00e9ro de s\u00e9rie indiqu\u00e9 sur le produit lui-m\u00eame. Nous vous rappelons que pour les interventions techniques dans la zone et les commandes de pi\u00e8ces d\u00e9tach\u00e9es, vous pouvez vous adresser directement \u00e0 votre revendeur de confiance.","og_url":"https:\/\/www.zanolli.it\/fr\/assistance-technique\/","og_site_name":"Zanolli","article_modified_time":"2022-02-01T08:23:16+00:00","twitter_card":"summary_large_image","twitter_misc":{"Dur\u00e9e de lecture estim\u00e9e":"1 minute"},"schema":{"@context":"https:\/\/schema.org","@graph":[{"@type":"WebPage","@id":"https:\/\/www.zanolli.it\/fr\/assistance-technique\/","url":"https:\/\/www.zanolli.it\/fr\/assistance-technique\/","name":"Avez-vous besoin d'assistance technique? - Zanolli","isPartOf":{"@id":"https:\/\/www.zanolli.it\/#website"},"datePublished":"2021-12-31T14:17:24+00:00","dateModified":"2022-02-01T08:23:16+00:00","breadcrumb":{"@id":"https:\/\/www.zanolli.it\/fr\/assistance-technique\/#breadcrumb"},"inLanguage":"fr-FR","potentialAction":[{"@type":"ReadAction","target":["https:\/\/www.zanolli.it\/fr\/assistance-technique\/"]}]},{"@type":"BreadcrumbList","@id":"https:\/\/www.zanolli.it\/fr\/assistance-technique\/#breadcrumb","itemListElement":[{"@type":"ListItem","position":1,"name":"Home","item":"https:\/\/prodzanolli.it\/fr\/"},{"@type":"ListItem","position":2,"name":"Avez-vous besoin d&rsquo;assistance technique?"}]},{"@type":"WebSite","@id":"https:\/\/www.zanolli.it\/#website","url":"https:\/\/www.zanolli.it\/","name":"Zanolli","description":"","publisher":{"@id":"https:\/\/www.zanolli.it\/#organization"},"potentialAction":[{"@type":"SearchAction","target":{"@type":"EntryPoint","urlTemplate":"https:\/\/www.zanolli.it\/?s={search_term_string}"},"query-input":{"@type":"PropertyValueSpecification","valueRequired":true,"valueName":"search_term_string"}}],"inLanguage":"fr-FR"},{"@type":"Organization","@id":"https:\/\/www.zanolli.it\/#organization","name":"Zanolli","url":"https:\/\/www.zanolli.it\/","logo":{"@type":"ImageObject","inLanguage":"fr-FR","@id":"https:\/\/www.zanolli.it\/#\/schema\/logo\/image\/","url":"https:\/\/www.zanolli.it\/wp-content\/uploads\/2022\/03\/Logo-web.png","contentUrl":"https:\/\/www.zanolli.it\/wp-content\/uploads\/2022\/03\/Logo-web.png","width":130,"height":39,"caption":"Zanolli"},"image":{"@id":"https:\/\/www.zanolli.it\/#\/schema\/logo\/image\/"}}]}},"_links":{"self":[{"href":"https:\/\/www.zanolli.it\/fr\/wp-json\/wp\/v2\/pages\/3917","targetHints":{"allow":["GET"]}}],"collection":[{"href":"https:\/\/www.zanolli.it\/fr\/wp-json\/wp\/v2\/pages"}],"about":[{"href":"https:\/\/www.zanolli.it\/fr\/wp-json\/wp\/v2\/types\/page"}],"author":[{"embeddable":true,"href":"https:\/\/www.zanolli.it\/fr\/wp-json\/wp\/v2\/users\/1"}],"replies":[{"embeddable":true,"href":"https:\/\/www.zanolli.it\/fr\/wp-json\/wp\/v2\/comments?post=3917"}],"version-history":[{"count":2,"href":"https:\/\/www.zanolli.it\/fr\/wp-json\/wp\/v2\/pages\/3917\/revisions"}],"predecessor-version":[{"id":3920,"href":"https:\/\/www.zanolli.it\/fr\/wp-json\/wp\/v2\/pages\/3917\/revisions\/3920"}],"wp:attachment":[{"href":"https:\/\/www.zanolli.it\/fr\/wp-json\/wp\/v2\/media?parent=3917"}],"curies":[{"name":"wp","href":"https:\/\/api.w.org\/{rel}","templated":true}]}}