{"id":4088,"date":"2022-02-01T15:33:40","date_gmt":"2022-02-01T14:33:40","guid":{"rendered":"https:\/\/zanolli.staging2.welcomedigital.it\/benvenuto-rivenditore\/"},"modified":"2025-12-22T09:56:25","modified_gmt":"2025-12-22T08:56:25","slug":"zone-reservee","status":"publish","type":"page","link":"https:\/\/www.zanolli.it\/fr\/zone-reservee\/","title":{"rendered":"Bienvenue"},"content":{"rendered":"\r\n<p>Dans cette zone, vous pouvez consulter et t\u00e9l\u00e9charger les catalogues et les tarifs actualis\u00e9s de tous les produits Zanolli.<\/p>\r\n","protected":false},"excerpt":{"rendered":"<p>Dans cette zone, vous pouvez consulter et t\u00e9l\u00e9charger les catalogues et les tarifs actualis\u00e9s de tous les produits Zanolli.<\/p>\n","protected":false},"author":1,"featured_media":4041,"parent":0,"menu_order":0,"comment_status":"closed","ping_status":"closed","template":"template-download.php","meta":{"_acf_changed":false,"footnotes":""},"class_list":["post-4088","page","type-page","status-publish","has-post-thumbnail","hentry"],"acf":[],"yoast_head":"<!-- This site is optimized with the Yoast SEO plugin v26.3 - https:\/\/yoast.com\/wordpress\/plugins\/seo\/ -->\n<title>Bienvenue - Zanolli<\/title>\n<meta name=\"robots\" content=\"index, follow, max-snippet:-1, max-image-preview:large, max-video-preview:-1\" \/>\n<link rel=\"canonical\" href=\"https:\/\/prodzanolli.it\/fr\/zone-reservee\/\" \/>\n<meta property=\"og:locale\" content=\"fr_FR\" \/>\n<meta property=\"og:type\" content=\"article\" \/>\n<meta property=\"og:title\" content=\"Bienvenue - Zanolli\" \/>\n<meta property=\"og:description\" content=\"Dans cette zone, vous pouvez consulter et t\u00e9l\u00e9charger les catalogues et les tarifs actualis\u00e9s de tous les produits Zanolli.\" \/>\n<meta property=\"og:url\" content=\"https:\/\/prodzanolli.it\/fr\/zone-reservee\/\" \/>\n<meta property=\"og:site_name\" content=\"Zanolli\" \/>\n<meta property=\"article:modified_time\" content=\"2025-12-22T08:56:25+00:00\" \/>\n<meta property=\"og:image\" content=\"https:\/\/prodzanolli.it\/wp-content\/uploads\/2022\/02\/shutterstock_1191727810.jpg\" \/>\n\t<meta property=\"og:image:width\" content=\"646\" \/>\n\t<meta property=\"og:image:height\" content=\"340\" \/>\n\t<meta property=\"og:image:type\" content=\"image\/jpeg\" \/>\n<meta name=\"twitter:card\" content=\"summary_large_image\" \/>\n<meta name=\"twitter:label1\" content=\"Dur\u00e9e de lecture estim\u00e9e\" \/>\n\t<meta name=\"twitter:data1\" content=\"1 minute\" \/>\n<script type=\"application\/ld+json\" class=\"yoast-schema-graph\">{\"@context\":\"https:\/\/schema.org\",\"@graph\":[{\"@type\":\"WebPage\",\"@id\":\"https:\/\/prodzanolli.it\/fr\/zone-reservee\/\",\"url\":\"https:\/\/prodzanolli.it\/fr\/zone-reservee\/\",\"name\":\"Bienvenue - Zanolli\",\"isPartOf\":{\"@id\":\"https:\/\/www.zanolli.it\/#website\"},\"primaryImageOfPage\":{\"@id\":\"https:\/\/prodzanolli.it\/fr\/zone-reservee\/#primaryimage\"},\"image\":{\"@id\":\"https:\/\/prodzanolli.it\/fr\/zone-reservee\/#primaryimage\"},\"thumbnailUrl\":\"https:\/\/www.zanolli.it\/wp-content\/uploads\/2022\/02\/shutterstock_1191727810.jpg\",\"datePublished\":\"2022-02-01T14:33:40+00:00\",\"dateModified\":\"2025-12-22T08:56:25+00:00\",\"breadcrumb\":{\"@id\":\"https:\/\/prodzanolli.it\/fr\/zone-reservee\/#breadcrumb\"},\"inLanguage\":\"fr-FR\",\"potentialAction\":[{\"@type\":\"ReadAction\",\"target\":[\"https:\/\/prodzanolli.it\/fr\/zone-reservee\/\"]}]},{\"@type\":\"ImageObject\",\"inLanguage\":\"fr-FR\",\"@id\":\"https:\/\/prodzanolli.it\/fr\/zone-reservee\/#primaryimage\",\"url\":\"https:\/\/www.zanolli.it\/wp-content\/uploads\/2022\/02\/shutterstock_1191727810.jpg\",\"contentUrl\":\"https:\/\/www.zanolli.it\/wp-content\/uploads\/2022\/02\/shutterstock_1191727810.jpg\",\"width\":646,\"height\":340},{\"@type\":\"BreadcrumbList\",\"@id\":\"https:\/\/prodzanolli.it\/fr\/zone-reservee\/#breadcrumb\",\"itemListElement\":[{\"@type\":\"ListItem\",\"position\":1,\"name\":\"Home\",\"item\":\"https:\/\/prodzanolli.it\/fr\/\"},{\"@type\":\"ListItem\",\"position\":2,\"name\":\"Bienvenue\"}]},{\"@type\":\"WebSite\",\"@id\":\"https:\/\/www.zanolli.it\/#website\",\"url\":\"https:\/\/www.zanolli.it\/\",\"name\":\"Zanolli\",\"description\":\"\",\"publisher\":{\"@id\":\"https:\/\/www.zanolli.it\/#organization\"},\"potentialAction\":[{\"@type\":\"SearchAction\",\"target\":{\"@type\":\"EntryPoint\",\"urlTemplate\":\"https:\/\/www.zanolli.it\/?s={search_term_string}\"},\"query-input\":{\"@type\":\"PropertyValueSpecification\",\"valueRequired\":true,\"valueName\":\"search_term_string\"}}],\"inLanguage\":\"fr-FR\"},{\"@type\":\"Organization\",\"@id\":\"https:\/\/www.zanolli.it\/#organization\",\"name\":\"Zanolli\",\"url\":\"https:\/\/www.zanolli.it\/\",\"logo\":{\"@type\":\"ImageObject\",\"inLanguage\":\"fr-FR\",\"@id\":\"https:\/\/www.zanolli.it\/#\/schema\/logo\/image\/\",\"url\":\"https:\/\/www.zanolli.it\/wp-content\/uploads\/2022\/03\/Logo-web.png\",\"contentUrl\":\"https:\/\/www.zanolli.it\/wp-content\/uploads\/2022\/03\/Logo-web.png\",\"width\":130,\"height\":39,\"caption\":\"Zanolli\"},\"image\":{\"@id\":\"https:\/\/www.zanolli.it\/#\/schema\/logo\/image\/\"}}]}<\/script>\n<!-- \/ Yoast SEO plugin. -->","yoast_head_json":{"title":"Bienvenue - Zanolli","robots":{"index":"index","follow":"follow","max-snippet":"max-snippet:-1","max-image-preview":"max-image-preview:large","max-video-preview":"max-video-preview:-1"},"canonical":"https:\/\/prodzanolli.it\/fr\/zone-reservee\/","og_locale":"fr_FR","og_type":"article","og_title":"Bienvenue - Zanolli","og_description":"Dans cette zone, vous pouvez consulter et t\u00e9l\u00e9charger les catalogues et les tarifs actualis\u00e9s de tous les produits Zanolli.","og_url":"https:\/\/prodzanolli.it\/fr\/zone-reservee\/","og_site_name":"Zanolli","article_modified_time":"2025-12-22T08:56:25+00:00","og_image":[{"width":646,"height":340,"url":"https:\/\/prodzanolli.it\/wp-content\/uploads\/2022\/02\/shutterstock_1191727810.jpg","type":"image\/jpeg"}],"twitter_card":"summary_large_image","twitter_misc":{"Dur\u00e9e de lecture estim\u00e9e":"1 minute"},"schema":{"@context":"https:\/\/schema.org","@graph":[{"@type":"WebPage","@id":"https:\/\/prodzanolli.it\/fr\/zone-reservee\/","url":"https:\/\/prodzanolli.it\/fr\/zone-reservee\/","name":"Bienvenue - Zanolli","isPartOf":{"@id":"https:\/\/www.zanolli.it\/#website"},"primaryImageOfPage":{"@id":"https:\/\/prodzanolli.it\/fr\/zone-reservee\/#primaryimage"},"image":{"@id":"https:\/\/prodzanolli.it\/fr\/zone-reservee\/#primaryimage"},"thumbnailUrl":"https:\/\/www.zanolli.it\/wp-content\/uploads\/2022\/02\/shutterstock_1191727810.jpg","datePublished":"2022-02-01T14:33:40+00:00","dateModified":"2025-12-22T08:56:25+00:00","breadcrumb":{"@id":"https:\/\/prodzanolli.it\/fr\/zone-reservee\/#breadcrumb"},"inLanguage":"fr-FR","potentialAction":[{"@type":"ReadAction","target":["https:\/\/prodzanolli.it\/fr\/zone-reservee\/"]}]},{"@type":"ImageObject","inLanguage":"fr-FR","@id":"https:\/\/prodzanolli.it\/fr\/zone-reservee\/#primaryimage","url":"https:\/\/www.zanolli.it\/wp-content\/uploads\/2022\/02\/shutterstock_1191727810.jpg","contentUrl":"https:\/\/www.zanolli.it\/wp-content\/uploads\/2022\/02\/shutterstock_1191727810.jpg","width":646,"height":340},{"@type":"BreadcrumbList","@id":"https:\/\/prodzanolli.it\/fr\/zone-reservee\/#breadcrumb","itemListElement":[{"@type":"ListItem","position":1,"name":"Home","item":"https:\/\/prodzanolli.it\/fr\/"},{"@type":"ListItem","position":2,"name":"Bienvenue"}]},{"@type":"WebSite","@id":"https:\/\/www.zanolli.it\/#website","url":"https:\/\/www.zanolli.it\/","name":"Zanolli","description":"","publisher":{"@id":"https:\/\/www.zanolli.it\/#organization"},"potentialAction":[{"@type":"SearchAction","target":{"@type":"EntryPoint","urlTemplate":"https:\/\/www.zanolli.it\/?s={search_term_string}"},"query-input":{"@type":"PropertyValueSpecification","valueRequired":true,"valueName":"search_term_string"}}],"inLanguage":"fr-FR"},{"@type":"Organization","@id":"https:\/\/www.zanolli.it\/#organization","name":"Zanolli","url":"https:\/\/www.zanolli.it\/","logo":{"@type":"ImageObject","inLanguage":"fr-FR","@id":"https:\/\/www.zanolli.it\/#\/schema\/logo\/image\/","url":"https:\/\/www.zanolli.it\/wp-content\/uploads\/2022\/03\/Logo-web.png","contentUrl":"https:\/\/www.zanolli.it\/wp-content\/uploads\/2022\/03\/Logo-web.png","width":130,"height":39,"caption":"Zanolli"},"image":{"@id":"https:\/\/www.zanolli.it\/#\/schema\/logo\/image\/"}}]}},"_links":{"self":[{"href":"https:\/\/www.zanolli.it\/fr\/wp-json\/wp\/v2\/pages\/4088","targetHints":{"allow":["GET"]}}],"collection":[{"href":"https:\/\/www.zanolli.it\/fr\/wp-json\/wp\/v2\/pages"}],"about":[{"href":"https:\/\/www.zanolli.it\/fr\/wp-json\/wp\/v2\/types\/page"}],"author":[{"embeddable":true,"href":"https:\/\/www.zanolli.it\/fr\/wp-json\/wp\/v2\/users\/1"}],"replies":[{"embeddable":true,"href":"https:\/\/www.zanolli.it\/fr\/wp-json\/wp\/v2\/comments?post=4088"}],"version-history":[{"count":39,"href":"https:\/\/www.zanolli.it\/fr\/wp-json\/wp\/v2\/pages\/4088\/revisions"}],"predecessor-version":[{"id":34420,"href":"https:\/\/www.zanolli.it\/fr\/wp-json\/wp\/v2\/pages\/4088\/revisions\/34420"}],"wp:featuredmedia":[{"embeddable":true,"href":"https:\/\/www.zanolli.it\/fr\/wp-json\/wp\/v2\/media\/4041"}],"wp:attachment":[{"href":"https:\/\/www.zanolli.it\/fr\/wp-json\/wp\/v2\/media?parent=4088"}],"curies":[{"name":"wp","href":"https:\/\/api.w.org\/{rel}","templated":true}]}}